{"id":389,"date":"2015-06-23T07:25:19","date_gmt":"2015-06-23T06:25:19","guid":{"rendered":"http:\/\/experienceatwork.be\/vacature-indienen\/?lang=fr"},"modified":"2024-07-18T15:11:46","modified_gmt":"2024-07-18T14:11:46","slug":"opdracht-opladen","status":"publish","type":"page","link":"https:\/\/experienceatwork.be\/fr\/opdracht-opladen\/","title":{"rendered":"Introduire une mission"},"content":{"rendered":"","protected":false},"excerpt":{"rendered":"","protected":false},"author":1,"featured_media":0,"parent":0,"menu_order":0,"comment_status":"closed","ping_status":"closed","template":"page-vacature-indienen.php","meta":{"_acf_changed":false,"_exactmetrics_skip_tracking":false,"_exactmetrics_sitenote_active":false,"_exactmetrics_sitenote_note":"","_exactmetrics_sitenote_category":0,"footnotes":""},"class_list":["post-389","page","type-page","status-publish","hentry"],"acf":[],"yoast_head":"<!-- This site is optimized with the Yoast SEO plugin v26.8 - https:\/\/yoast.com\/product\/yoast-seo-wordpress\/ -->\n<title>Introduire une mission - Experience@Work<\/title>\n<meta name=\"description\" content=\"En partageant et redistribuant l\u2019exp\u00e9rience professionnelle des plus de cinquante ans, \u00e0 travers les organisations, l&#039;expert ad\u00e9quat se trouvera toujours \u00e0 l&#039; endroit ad\u00e9quat.\" \/>\n<meta name=\"robots\" content=\"index, follow, max-snippet:-1, max-image-preview:large, max-video-preview:-1\" \/>\n<link rel=\"canonical\" href=\"https:\/\/experienceatwork.be\/fr\/opdracht-opladen\/\" \/>\n<meta property=\"og:locale\" content=\"fr_FR\" \/>\n<meta property=\"og:type\" content=\"article\" \/>\n<meta property=\"og:title\" content=\"Introduire une mission - Experience@Work\" \/>\n<meta property=\"og:description\" content=\"En partageant et redistribuant l\u2019exp\u00e9rience professionnelle des plus de cinquante ans, \u00e0 travers les organisations, l&#039;expert ad\u00e9quat se trouvera toujours \u00e0 l&#039; endroit ad\u00e9quat.\" \/>\n<meta property=\"og:url\" content=\"https:\/\/experienceatwork.be\/fr\/opdracht-opladen\/\" \/>\n<meta property=\"og:site_name\" content=\"Experience@Work\" \/>\n<meta property=\"article:modified_time\" content=\"2024-07-18T14:11:46+00:00\" \/>\n<meta name=\"twitter:card\" content=\"summary_large_image\" \/>\n<script type=\"application\/ld+json\" class=\"yoast-schema-graph\">{\"@context\":\"https:\/\/schema.org\",\"@graph\":[{\"@type\":\"WebPage\",\"@id\":\"https:\/\/experienceatwork.be\/fr\/opdracht-opladen\/\",\"url\":\"https:\/\/experienceatwork.be\/fr\/opdracht-opladen\/\",\"name\":\"Introduire une mission - Experience@Work\",\"isPartOf\":{\"@id\":\"https:\/\/experienceatwork.be\/#website\"},\"datePublished\":\"2015-06-23T06:25:19+00:00\",\"dateModified\":\"2024-07-18T14:11:46+00:00\",\"description\":\"En partageant et redistribuant l\u2019exp\u00e9rience professionnelle des plus de cinquante ans, \u00e0 travers les organisations, l'expert ad\u00e9quat se trouvera toujours \u00e0 l' endroit ad\u00e9quat.\",\"breadcrumb\":{\"@id\":\"https:\/\/experienceatwork.be\/fr\/opdracht-opladen\/#breadcrumb\"},\"inLanguage\":\"fr-FR\",\"potentialAction\":[{\"@type\":\"ReadAction\",\"target\":[\"https:\/\/experienceatwork.be\/fr\/opdracht-opladen\/\"]}]},{\"@type\":\"BreadcrumbList\",\"@id\":\"https:\/\/experienceatwork.be\/fr\/opdracht-opladen\/#breadcrumb\",\"itemListElement\":[{\"@type\":\"ListItem\",\"position\":1,\"name\":\"Home\",\"item\":\"https:\/\/experienceatwork.be\/fr\/\"},{\"@type\":\"ListItem\",\"position\":2,\"name\":\"Introduire une mission\"}]},{\"@type\":\"WebSite\",\"@id\":\"https:\/\/experienceatwork.be\/#website\",\"url\":\"https:\/\/experienceatwork.be\/\",\"name\":\"Experience@Work\",\"description\":\"\",\"potentialAction\":[{\"@type\":\"SearchAction\",\"target\":{\"@type\":\"EntryPoint\",\"urlTemplate\":\"https:\/\/experienceatwork.be\/?s={search_term_string}\"},\"query-input\":{\"@type\":\"PropertyValueSpecification\",\"valueRequired\":true,\"valueName\":\"search_term_string\"}}],\"inLanguage\":\"fr-FR\"}]}<\/script>\n<!-- \/ Yoast SEO plugin. -->","yoast_head_json":{"title":"Introduire une mission - Experience@Work","description":"En partageant et redistribuant l\u2019exp\u00e9rience professionnelle des plus de cinquante ans, \u00e0 travers les organisations, l'expert ad\u00e9quat se trouvera toujours \u00e0 l' endroit ad\u00e9quat.","robots":{"index":"index","follow":"follow","max-snippet":"max-snippet:-1","max-image-preview":"max-image-preview:large","max-video-preview":"max-video-preview:-1"},"canonical":"https:\/\/experienceatwork.be\/fr\/opdracht-opladen\/","og_locale":"fr_FR","og_type":"article","og_title":"Introduire une mission - Experience@Work","og_description":"En partageant et redistribuant l\u2019exp\u00e9rience professionnelle des plus de cinquante ans, \u00e0 travers les organisations, l'expert ad\u00e9quat se trouvera toujours \u00e0 l' endroit ad\u00e9quat.","og_url":"https:\/\/experienceatwork.be\/fr\/opdracht-opladen\/","og_site_name":"Experience@Work","article_modified_time":"2024-07-18T14:11:46+00:00","twitter_card":"summary_large_image","schema":{"@context":"https:\/\/schema.org","@graph":[{"@type":"WebPage","@id":"https:\/\/experienceatwork.be\/fr\/opdracht-opladen\/","url":"https:\/\/experienceatwork.be\/fr\/opdracht-opladen\/","name":"Introduire une mission - Experience@Work","isPartOf":{"@id":"https:\/\/experienceatwork.be\/#website"},"datePublished":"2015-06-23T06:25:19+00:00","dateModified":"2024-07-18T14:11:46+00:00","description":"En partageant et redistribuant l\u2019exp\u00e9rience professionnelle des plus de cinquante ans, \u00e0 travers les organisations, l'expert ad\u00e9quat se trouvera toujours \u00e0 l' endroit ad\u00e9quat.","breadcrumb":{"@id":"https:\/\/experienceatwork.be\/fr\/opdracht-opladen\/#breadcrumb"},"inLanguage":"fr-FR","potentialAction":[{"@type":"ReadAction","target":["https:\/\/experienceatwork.be\/fr\/opdracht-opladen\/"]}]},{"@type":"BreadcrumbList","@id":"https:\/\/experienceatwork.be\/fr\/opdracht-opladen\/#breadcrumb","itemListElement":[{"@type":"ListItem","position":1,"name":"Home","item":"https:\/\/experienceatwork.be\/fr\/"},{"@type":"ListItem","position":2,"name":"Introduire une mission"}]},{"@type":"WebSite","@id":"https:\/\/experienceatwork.be\/#website","url":"https:\/\/experienceatwork.be\/","name":"Experience@Work","description":"","potentialAction":[{"@type":"SearchAction","target":{"@type":"EntryPoint","urlTemplate":"https:\/\/experienceatwork.be\/?s={search_term_string}"},"query-input":{"@type":"PropertyValueSpecification","valueRequired":true,"valueName":"search_term_string"}}],"inLanguage":"fr-FR"}]}},"_links":{"self":[{"href":"https:\/\/experienceatwork.be\/fr\/wp-json\/wp\/v2\/pages\/389","targetHints":{"allow":["GET"]}}],"collection":[{"href":"https:\/\/experienceatwork.be\/fr\/wp-json\/wp\/v2\/pages"}],"about":[{"href":"https:\/\/experienceatwork.be\/fr\/wp-json\/wp\/v2\/types\/page"}],"author":[{"embeddable":true,"href":"https:\/\/experienceatwork.be\/fr\/wp-json\/wp\/v2\/users\/1"}],"replies":[{"embeddable":true,"href":"https:\/\/experienceatwork.be\/fr\/wp-json\/wp\/v2\/comments?post=389"}],"version-history":[{"count":10,"href":"https:\/\/experienceatwork.be\/fr\/wp-json\/wp\/v2\/pages\/389\/revisions"}],"predecessor-version":[{"id":2632,"href":"https:\/\/experienceatwork.be\/fr\/wp-json\/wp\/v2\/pages\/389\/revisions\/2632"}],"wp:attachment":[{"href":"https:\/\/experienceatwork.be\/fr\/wp-json\/wp\/v2\/media?parent=389"}],"curies":[{"name":"wp","href":"https:\/\/api.w.org\/{rel}","templated":true}]}}