{"id":385,"date":"2015-06-19T07:56:08","date_gmt":"2015-06-19T06:56:08","guid":{"rendered":"http:\/\/experienceatwork.be\/home\/?lang=fr"},"modified":"2026-04-14T09:30:38","modified_gmt":"2026-04-14T08:30:38","slug":"home","status":"publish","type":"page","link":"https:\/\/experienceatwork.be\/fr\/","title":{"rendered":"Home"},"content":{"rendered":"<h2><strong>Apporter de l&rsquo;exp\u00e9rience dans votre organisation?<\/strong><\/h2>\n<p>Experience@Work promeut une politique de carri\u00e8re innovante et durable en \u00e9largissant le march\u00e9 du travail interne de ses organisations partenaires, ou des talents exp\u00e9riment\u00e9s sont d\u00e9ploy\u00e9s dans le secteur non-marchand afin de cr\u00e9er un impact positif pour touts les parties prenantes et la soci\u00e9t\u00e9.<\/p>\n<p><strong data-start=\"280\" data-end=\"405\">Nouveau : nous soutenons d\u00e9sormais aussi les transitions tout au long de la carri\u00e8re via des missions courtes et cibl\u00e9es.<\/strong><br data-start=\"405\" data-end=\"408\" \/>D\u00e9couvrez Breathe for Growth \u2192 <a href=\"https:\/\/www.breatheforgrowth.be\/\">www.breatheforgrowth.be<\/a><\/p>\n<p>&nbsp;<\/p>\n","protected":false},"excerpt":{"rendered":"<p>Apporter de l&rsquo;exp\u00e9rience dans votre organisation? Experience@Work promeut une politique de carri\u00e8re innovante et durable en \u00e9largissant le march\u00e9 du travail interne de ses organisations partenaires, ou des talents exp\u00e9riment\u00e9s sont d\u00e9ploy\u00e9s dans le secteur non-marchand afin de cr\u00e9er un impact positif pour touts les parties prenantes et la soci\u00e9t\u00e9. Nouveau : nous soutenons d\u00e9sormais [&hellip;]<\/p>\n","protected":false},"author":1,"featured_media":0,"parent":0,"menu_order":0,"comment_status":"closed","ping_status":"closed","template":"page-home.php","meta":{"_acf_changed":false,"_exactmetrics_skip_tracking":false,"_exactmetrics_sitenote_active":false,"_exactmetrics_sitenote_note":"","_exactmetrics_sitenote_category":0,"footnotes":""},"class_list":["post-385","page","type-page","status-publish","hentry"],"acf":[],"yoast_head":"<!-- This site is optimized with the Yoast SEO plugin v26.8 - https:\/\/yoast.com\/product\/yoast-seo-wordpress\/ -->\n<title>Experience@Work - Home<\/title>\n<meta name=\"description\" content=\"Apporter de l&#039;exp\u00e9rience dans votre organisation? Gr\u00e2ce \u00e0 Experience@Work, des collaborateurs talentueux et exp\u00e9riment\u00e9s de certaines organisations peuvent se mettre au service d&#039;autres organisations qui recherchent une exp\u00e9rience ou des talents sp\u00e9cifiques. Et ceci \u00e0 un prix accessible.\" \/>\n<meta name=\"robots\" content=\"index, follow, max-snippet:-1, max-image-preview:large, max-video-preview:-1\" \/>\n<link rel=\"canonical\" href=\"https:\/\/experienceatwork.be\/fr\/\" \/>\n<meta property=\"og:locale\" content=\"fr_FR\" \/>\n<meta property=\"og:type\" content=\"article\" \/>\n<meta property=\"og:title\" content=\"Experience@Work - Home\" \/>\n<meta property=\"og:description\" content=\"Apporter de l&#039;exp\u00e9rience dans votre organisation? Gr\u00e2ce \u00e0 Experience@Work, des collaborateurs talentueux et exp\u00e9riment\u00e9s de certaines organisations peuvent se mettre au service d&#039;autres organisations qui recherchent une exp\u00e9rience ou des talents sp\u00e9cifiques. Et ceci \u00e0 un prix accessible.\" \/>\n<meta property=\"og:url\" content=\"https:\/\/experienceatwork.be\/fr\/\" \/>\n<meta property=\"og:site_name\" content=\"Experience@Work\" \/>\n<meta property=\"article:modified_time\" content=\"2026-04-14T08:30:38+00:00\" \/>\n<meta name=\"twitter:card\" content=\"summary_large_image\" \/>\n<meta name=\"twitter:label1\" content=\"Est. reading time\" \/>\n\t<meta name=\"twitter:data1\" content=\"1 minute\" \/>\n<script type=\"application\/ld+json\" class=\"yoast-schema-graph\">{\"@context\":\"https:\/\/schema.org\",\"@graph\":[{\"@type\":\"WebPage\",\"@id\":\"https:\/\/experienceatwork.be\/fr\/\",\"url\":\"https:\/\/experienceatwork.be\/fr\/\",\"name\":\"Experience@Work - Home\",\"isPartOf\":{\"@id\":\"https:\/\/experienceatwork.be\/#website\"},\"datePublished\":\"2015-06-19T06:56:08+00:00\",\"dateModified\":\"2026-04-14T08:30:38+00:00\",\"description\":\"Apporter de l'exp\u00e9rience dans votre organisation? Gr\u00e2ce \u00e0 Experience@Work, des collaborateurs talentueux et exp\u00e9riment\u00e9s de certaines organisations peuvent se mettre au service d'autres organisations qui recherchent une exp\u00e9rience ou des talents sp\u00e9cifiques. Et ceci \u00e0 un prix accessible.\",\"breadcrumb\":{\"@id\":\"https:\/\/experienceatwork.be\/fr\/#breadcrumb\"},\"inLanguage\":\"fr-FR\",\"potentialAction\":[{\"@type\":\"ReadAction\",\"target\":[\"https:\/\/experienceatwork.be\/fr\/\"]}]},{\"@type\":\"BreadcrumbList\",\"@id\":\"https:\/\/experienceatwork.be\/fr\/#breadcrumb\",\"itemListElement\":[{\"@type\":\"ListItem\",\"position\":1,\"name\":\"Home\",\"item\":\"https:\/\/experienceatwork.be\/fr\/\"},{\"@type\":\"ListItem\",\"position\":2,\"name\":\"Home\"}]},{\"@type\":\"WebSite\",\"@id\":\"https:\/\/experienceatwork.be\/#website\",\"url\":\"https:\/\/experienceatwork.be\/\",\"name\":\"Experience@Work\",\"description\":\"\",\"potentialAction\":[{\"@type\":\"SearchAction\",\"target\":{\"@type\":\"EntryPoint\",\"urlTemplate\":\"https:\/\/experienceatwork.be\/?s={search_term_string}\"},\"query-input\":{\"@type\":\"PropertyValueSpecification\",\"valueRequired\":true,\"valueName\":\"search_term_string\"}}],\"inLanguage\":\"fr-FR\"}]}<\/script>\n<!-- \/ Yoast SEO plugin. -->","yoast_head_json":{"title":"Experience@Work - Home","description":"Apporter de l'exp\u00e9rience dans votre organisation? Gr\u00e2ce \u00e0 Experience@Work, des collaborateurs talentueux et exp\u00e9riment\u00e9s de certaines organisations peuvent se mettre au service d'autres organisations qui recherchent une exp\u00e9rience ou des talents sp\u00e9cifiques. Et ceci \u00e0 un prix accessible.","robots":{"index":"index","follow":"follow","max-snippet":"max-snippet:-1","max-image-preview":"max-image-preview:large","max-video-preview":"max-video-preview:-1"},"canonical":"https:\/\/experienceatwork.be\/fr\/","og_locale":"fr_FR","og_type":"article","og_title":"Experience@Work - Home","og_description":"Apporter de l'exp\u00e9rience dans votre organisation? Gr\u00e2ce \u00e0 Experience@Work, des collaborateurs talentueux et exp\u00e9riment\u00e9s de certaines organisations peuvent se mettre au service d'autres organisations qui recherchent une exp\u00e9rience ou des talents sp\u00e9cifiques. Et ceci \u00e0 un prix accessible.","og_url":"https:\/\/experienceatwork.be\/fr\/","og_site_name":"Experience@Work","article_modified_time":"2026-04-14T08:30:38+00:00","twitter_card":"summary_large_image","twitter_misc":{"Est. reading time":"1 minute"},"schema":{"@context":"https:\/\/schema.org","@graph":[{"@type":"WebPage","@id":"https:\/\/experienceatwork.be\/fr\/","url":"https:\/\/experienceatwork.be\/fr\/","name":"Experience@Work - Home","isPartOf":{"@id":"https:\/\/experienceatwork.be\/#website"},"datePublished":"2015-06-19T06:56:08+00:00","dateModified":"2026-04-14T08:30:38+00:00","description":"Apporter de l'exp\u00e9rience dans votre organisation? Gr\u00e2ce \u00e0 Experience@Work, des collaborateurs talentueux et exp\u00e9riment\u00e9s de certaines organisations peuvent se mettre au service d'autres organisations qui recherchent une exp\u00e9rience ou des talents sp\u00e9cifiques. Et ceci \u00e0 un prix accessible.","breadcrumb":{"@id":"https:\/\/experienceatwork.be\/fr\/#breadcrumb"},"inLanguage":"fr-FR","potentialAction":[{"@type":"ReadAction","target":["https:\/\/experienceatwork.be\/fr\/"]}]},{"@type":"BreadcrumbList","@id":"https:\/\/experienceatwork.be\/fr\/#breadcrumb","itemListElement":[{"@type":"ListItem","position":1,"name":"Home","item":"https:\/\/experienceatwork.be\/fr\/"},{"@type":"ListItem","position":2,"name":"Home"}]},{"@type":"WebSite","@id":"https:\/\/experienceatwork.be\/#website","url":"https:\/\/experienceatwork.be\/","name":"Experience@Work","description":"","potentialAction":[{"@type":"SearchAction","target":{"@type":"EntryPoint","urlTemplate":"https:\/\/experienceatwork.be\/?s={search_term_string}"},"query-input":{"@type":"PropertyValueSpecification","valueRequired":true,"valueName":"search_term_string"}}],"inLanguage":"fr-FR"}]}},"_links":{"self":[{"href":"https:\/\/experienceatwork.be\/fr\/wp-json\/wp\/v2\/pages\/385","targetHints":{"allow":["GET"]}}],"collection":[{"href":"https:\/\/experienceatwork.be\/fr\/wp-json\/wp\/v2\/pages"}],"about":[{"href":"https:\/\/experienceatwork.be\/fr\/wp-json\/wp\/v2\/types\/page"}],"author":[{"embeddable":true,"href":"https:\/\/experienceatwork.be\/fr\/wp-json\/wp\/v2\/users\/1"}],"replies":[{"embeddable":true,"href":"https:\/\/experienceatwork.be\/fr\/wp-json\/wp\/v2\/comments?post=385"}],"version-history":[{"count":24,"href":"https:\/\/experienceatwork.be\/fr\/wp-json\/wp\/v2\/pages\/385\/revisions"}],"predecessor-version":[{"id":2709,"href":"https:\/\/experienceatwork.be\/fr\/wp-json\/wp\/v2\/pages\/385\/revisions\/2709"}],"wp:attachment":[{"href":"https:\/\/experienceatwork.be\/fr\/wp-json\/wp\/v2\/media?parent=385"}],"curies":[{"name":"wp","href":"https:\/\/api.w.org\/{rel}","templated":true}]}}